{"id":1202,"date":"2024-03-05T09:49:24","date_gmt":"2024-03-05T08:49:24","guid":{"rendered":"https:\/\/osadabialkatatrzanska.pl\/?page_id=1202"},"modified":"2026-03-18T18:47:28","modified_gmt":"2026-03-18T17:47:28","slug":"strona-glowna","status":"publish","type":"page","link":"https:\/\/osadabialkatatrzanska.pl\/de\/","title":{"rendered":"Strona G\u0142\u00f3wna"},"content":{"rendered":"","protected":false},"excerpt":{"rendered":"","protected":false},"author":3,"featured_media":0,"parent":0,"menu_order":0,"comment_status":"closed","ping_status":"closed","template":"","meta":{"_acf_changed":false,"footnotes":""},"class_list":["post-1202","page","type-page","status-publish","hentry"],"acf":[],"yoast_head":"<!-- This site is optimized with the Yoast SEO plugin v22.3 - https:\/\/yoast.com\/wordpress\/plugins\/seo\/ -->\n<title>Osada Bia\u0142ka Tatrza\u0144ska - Domki i Apartamenty w Bia\u0142ce Tatrza\u0144skiej<\/title>\n<meta name=\"robots\" content=\"noindex, follow, max-snippet:-1, max-image-preview:large, max-video-preview:-1\" \/>\n<meta property=\"og:locale\" content=\"de_DE\" \/>\n<meta property=\"og:type\" content=\"article\" \/>\n<meta property=\"og:title\" content=\"Osada Bia\u0142ka Tatrza\u0144ska - Domki i Apartamenty w Bia\u0142ce Tatrza\u0144skiej\" \/>\n<meta property=\"og:url\" content=\"https:\/\/osadabialkatatrzanska.pl\/de\/\" \/>\n<meta property=\"og:site_name\" content=\"Osada Bia\u0142ka Tatrza\u0144ska\" \/>\n<meta property=\"article:publisher\" content=\"https:\/\/www.facebook.com\/riverseaapartamenty\" \/>\n<meta property=\"article:modified_time\" content=\"2026-03-18T17:47:28+00:00\" \/>\n<meta name=\"twitter:card\" content=\"summary_large_image\" \/>\n<meta name=\"twitter:label1\" content=\"Gesch\u00e4tzte Lesezeit\" \/>\n\t<meta name=\"twitter:data1\" content=\"7\u00a0Minuten\" \/>\n<script type=\"application\/ld+json\" class=\"yoast-schema-graph\">{\"@context\":\"https:\/\/schema.org\",\"@graph\":[{\"@type\":\"WebPage\",\"@id\":\"https:\/\/osadabialkatatrzanska.pl\/\",\"url\":\"https:\/\/osadabialkatatrzanska.pl\/\",\"name\":\"Osada Bia\u0142ka Tatrza\u0144ska - Domki i Apartamenty w Bia\u0142ce Tatrza\u0144skiej\",\"isPartOf\":{\"@id\":\"https:\/\/osadabialkatatrzanska.pl\/#website\"},\"datePublished\":\"2024-03-05T08:49:24+00:00\",\"dateModified\":\"2026-03-18T17:47:28+00:00\",\"breadcrumb\":{\"@id\":\"https:\/\/osadabialkatatrzanska.pl\/#breadcrumb\"},\"inLanguage\":\"de\",\"potentialAction\":[{\"@type\":\"ReadAction\",\"target\":[\"https:\/\/osadabialkatatrzanska.pl\/\"]}]},{\"@type\":\"BreadcrumbList\",\"@id\":\"https:\/\/osadabialkatatrzanska.pl\/#breadcrumb\",\"itemListElement\":[{\"@type\":\"ListItem\",\"position\":1,\"name\":\"Strona g\u0142\u00f3wna\",\"item\":\"https:\/\/osadabialkatatrzanska.pl\/\"},{\"@type\":\"ListItem\",\"position\":2,\"name\":\"Strona G\u0142\u00f3wna\"}]},{\"@type\":\"WebSite\",\"@id\":\"https:\/\/osadabialkatatrzanska.pl\/#website\",\"url\":\"https:\/\/osadabialkatatrzanska.pl\/\",\"name\":\"Osada Bia\u0142ka Tatrza\u0144ska\",\"description\":\"Domki i Apartamenty w Bia\u0142ce Tatrza\u0144skiej\",\"publisher\":{\"@id\":\"https:\/\/osadabialkatatrzanska.pl\/#organization\"},\"potentialAction\":[{\"@type\":\"SearchAction\",\"target\":{\"@type\":\"EntryPoint\",\"urlTemplate\":\"https:\/\/osadabialkatatrzanska.pl\/?s={search_term_string}\"},\"query-input\":\"required name=search_term_string\"}],\"inLanguage\":\"de\"},{\"@type\":\"Organization\",\"@id\":\"https:\/\/osadabialkatatrzanska.pl\/#organization\",\"name\":\"Osada Bia\u0142ka Tatrza\u0144ska\",\"url\":\"https:\/\/osadabialkatatrzanska.pl\/\",\"logo\":{\"@type\":\"ImageObject\",\"inLanguage\":\"de\",\"@id\":\"https:\/\/osadabialkatatrzanska.pl\/#\/schema\/logo\/image\/\",\"url\":\"https:\/\/osadabialkatatrzanska.pl\/wp-content\/uploads\/2022\/10\/Logo-River-Sea.png\",\"contentUrl\":\"https:\/\/osadabialkatatrzanska.pl\/wp-content\/uploads\/2022\/10\/Logo-River-Sea.png\",\"width\":256,\"height\":154,\"caption\":\"Osada Bia\u0142ka Tatrza\u0144ska\"},\"image\":{\"@id\":\"https:\/\/osadabialkatatrzanska.pl\/#\/schema\/logo\/image\/\"},\"sameAs\":[\"https:\/\/www.facebook.com\/riverseaapartamenty\"]}]}<\/script>\n<!-- \/ Yoast SEO plugin. -->","yoast_head_json":{"title":"Osada Bia\u0142ka Tatrza\u0144ska - Domki i Apartamenty w Bia\u0142ce Tatrza\u0144skiej","robots":{"index":"noindex","follow":"follow","max-snippet":"max-snippet:-1","max-image-preview":"max-image-preview:large","max-video-preview":"max-video-preview:-1"},"og_locale":"de_DE","og_type":"article","og_title":"Osada Bia\u0142ka Tatrza\u0144ska - Domki i Apartamenty w Bia\u0142ce Tatrza\u0144skiej","og_url":"https:\/\/osadabialkatatrzanska.pl\/de\/","og_site_name":"Osada Bia\u0142ka Tatrza\u0144ska","article_publisher":"https:\/\/www.facebook.com\/riverseaapartamenty","article_modified_time":"2026-03-18T17:47:28+00:00","twitter_card":"summary_large_image","twitter_misc":{"Gesch\u00e4tzte Lesezeit":"7\u00a0Minuten"},"schema":{"@context":"https:\/\/schema.org","@graph":[{"@type":"WebPage","@id":"https:\/\/osadabialkatatrzanska.pl\/","url":"https:\/\/osadabialkatatrzanska.pl\/","name":"Osada Bia\u0142ka Tatrza\u0144ska - Domki i Apartamenty w Bia\u0142ce Tatrza\u0144skiej","isPartOf":{"@id":"https:\/\/osadabialkatatrzanska.pl\/#website"},"datePublished":"2024-03-05T08:49:24+00:00","dateModified":"2026-03-18T17:47:28+00:00","breadcrumb":{"@id":"https:\/\/osadabialkatatrzanska.pl\/#breadcrumb"},"inLanguage":"de","potentialAction":[{"@type":"ReadAction","target":["https:\/\/osadabialkatatrzanska.pl\/"]}]},{"@type":"BreadcrumbList","@id":"https:\/\/osadabialkatatrzanska.pl\/#breadcrumb","itemListElement":[{"@type":"ListItem","position":1,"name":"Strona g\u0142\u00f3wna","item":"https:\/\/osadabialkatatrzanska.pl\/"},{"@type":"ListItem","position":2,"name":"Strona G\u0142\u00f3wna"}]},{"@type":"WebSite","@id":"https:\/\/osadabialkatatrzanska.pl\/#website","url":"https:\/\/osadabialkatatrzanska.pl\/","name":"Osada Bia\u0142ka Tatrza\u0144ska","description":"Domki i Apartamenty w Bia\u0142ce Tatrza\u0144skiej","publisher":{"@id":"https:\/\/osadabialkatatrzanska.pl\/#organization"},"potentialAction":[{"@type":"SearchAction","target":{"@type":"EntryPoint","urlTemplate":"https:\/\/osadabialkatatrzanska.pl\/?s={search_term_string}"},"query-input":"required name=search_term_string"}],"inLanguage":"de"},{"@type":"Organization","@id":"https:\/\/osadabialkatatrzanska.pl\/#organization","name":"Osada Bia\u0142ka Tatrza\u0144ska","url":"https:\/\/osadabialkatatrzanska.pl\/","logo":{"@type":"ImageObject","inLanguage":"de","@id":"https:\/\/osadabialkatatrzanska.pl\/#\/schema\/logo\/image\/","url":"https:\/\/osadabialkatatrzanska.pl\/wp-content\/uploads\/2022\/10\/Logo-River-Sea.png","contentUrl":"https:\/\/osadabialkatatrzanska.pl\/wp-content\/uploads\/2022\/10\/Logo-River-Sea.png","width":256,"height":154,"caption":"Osada Bia\u0142ka Tatrza\u0144ska"},"image":{"@id":"https:\/\/osadabialkatatrzanska.pl\/#\/schema\/logo\/image\/"},"sameAs":["https:\/\/www.facebook.com\/riverseaapartamenty"]}]}},"_links":{"self":[{"href":"https:\/\/osadabialkatatrzanska.pl\/de\/wp-json\/wp\/v2\/pages\/1202","targetHints":{"allow":["GET"]}}],"collection":[{"href":"https:\/\/osadabialkatatrzanska.pl\/de\/wp-json\/wp\/v2\/pages"}],"about":[{"href":"https:\/\/osadabialkatatrzanska.pl\/de\/wp-json\/wp\/v2\/types\/page"}],"author":[{"embeddable":true,"href":"https:\/\/osadabialkatatrzanska.pl\/de\/wp-json\/wp\/v2\/users\/3"}],"replies":[{"embeddable":true,"href":"https:\/\/osadabialkatatrzanska.pl\/de\/wp-json\/wp\/v2\/comments?post=1202"}],"version-history":[{"count":19,"href":"https:\/\/osadabialkatatrzanska.pl\/de\/wp-json\/wp\/v2\/pages\/1202\/revisions"}],"predecessor-version":[{"id":1522,"href":"https:\/\/osadabialkatatrzanska.pl\/de\/wp-json\/wp\/v2\/pages\/1202\/revisions\/1522"}],"wp:attachment":[{"href":"https:\/\/osadabialkatatrzanska.pl\/de\/wp-json\/wp\/v2\/media?parent=1202"}],"curies":[{"name":"wp","href":"https:\/\/api.w.org\/{rel}","templated":true}]}}