{"id":1280,"date":"2024-03-19T14:25:26","date_gmt":"2024-03-19T13:25:26","guid":{"rendered":"https:\/\/osadabialkatatrzanska.pl\/?page_id=1280"},"modified":"2024-03-19T14:43:26","modified_gmt":"2024-03-19T13:43:26","slug":"wellness","status":"publish","type":"page","link":"https:\/\/osadabialkatatrzanska.pl\/de\/wellness\/","title":{"rendered":"Wellness"},"content":{"rendered":"","protected":false},"excerpt":{"rendered":"","protected":false},"author":3,"featured_media":1262,"parent":0,"menu_order":0,"comment_status":"closed","ping_status":"closed","template":"","meta":{"_acf_changed":false,"footnotes":""},"class_list":["post-1280","page","type-page","status-publish","has-post-thumbnail","hentry"],"acf":[],"yoast_head":"<!-- This site is optimized with the Yoast SEO plugin v22.3 - https:\/\/yoast.com\/wordpress\/plugins\/seo\/ -->\n<title>Osada Bia\u0142ka Tatrza\u0144ska - Domki i Apartamenty w Bia\u0142ce Tatrza\u0144skiej<\/title>\n<meta name=\"robots\" content=\"noindex, follow, max-snippet:-1, max-image-preview:large, max-video-preview:-1\" \/>\n<meta property=\"og:locale\" content=\"de_DE\" \/>\n<meta property=\"og:type\" content=\"article\" \/>\n<meta property=\"og:title\" content=\"Osada Bia\u0142ka Tatrza\u0144ska - Domki i Apartamenty w Bia\u0142ce Tatrza\u0144skiej\" \/>\n<meta property=\"og:url\" content=\"https:\/\/osadabialkatatrzanska.pl\/de\/wellness\/\" \/>\n<meta property=\"og:site_name\" content=\"Osada Bia\u0142ka Tatrza\u0144ska\" \/>\n<meta property=\"article:publisher\" content=\"https:\/\/www.facebook.com\/riverseaapartamenty\" \/>\n<meta property=\"article:modified_time\" content=\"2024-03-19T13:43:26+00:00\" \/>\n<meta property=\"og:image\" content=\"https:\/\/osadabialkatatrzanska.pl\/wp-content\/uploads\/2024\/03\/cosmetologist-holding-cosmetic-cream-bottle-and-pu-2023-11-27-04-49-23-utc-scaled.jpg\" \/>\n\t<meta property=\"og:image:width\" content=\"1709\" \/>\n\t<meta property=\"og:image:height\" content=\"2560\" \/>\n\t<meta property=\"og:image:type\" content=\"image\/jpeg\" \/>\n<meta name=\"twitter:card\" content=\"summary_large_image\" \/>\n<meta name=\"twitter:label1\" content=\"Gesch\u00e4tzte Lesezeit\" \/>\n\t<meta name=\"twitter:data1\" content=\"2\u00a0Minuten\" \/>\n<script type=\"application\/ld+json\" class=\"yoast-schema-graph\">{\"@context\":\"https:\/\/schema.org\",\"@graph\":[{\"@type\":\"WebPage\",\"@id\":\"https:\/\/osadabialkatatrzanska.pl\/wellness\/\",\"url\":\"https:\/\/osadabialkatatrzanska.pl\/wellness\/\",\"name\":\"Osada Bia\u0142ka Tatrza\u0144ska - Domki i Apartamenty w Bia\u0142ce Tatrza\u0144skiej\",\"isPartOf\":{\"@id\":\"https:\/\/osadabialkatatrzanska.pl\/#website\"},\"primaryImageOfPage\":{\"@id\":\"https:\/\/osadabialkatatrzanska.pl\/wellness\/#primaryimage\"},\"image\":{\"@id\":\"https:\/\/osadabialkatatrzanska.pl\/wellness\/#primaryimage\"},\"thumbnailUrl\":\"https:\/\/osadabialkatatrzanska.pl\/wp-content\/uploads\/2024\/03\/cosmetologist-holding-cosmetic-cream-bottle-and-pu-2023-11-27-04-49-23-utc-scaled.jpg\",\"datePublished\":\"2024-03-19T13:25:26+00:00\",\"dateModified\":\"2024-03-19T13:43:26+00:00\",\"breadcrumb\":{\"@id\":\"https:\/\/osadabialkatatrzanska.pl\/wellness\/#breadcrumb\"},\"inLanguage\":\"de\",\"potentialAction\":[{\"@type\":\"ReadAction\",\"target\":[\"https:\/\/osadabialkatatrzanska.pl\/wellness\/\"]}]},{\"@type\":\"ImageObject\",\"inLanguage\":\"de\",\"@id\":\"https:\/\/osadabialkatatrzanska.pl\/wellness\/#primaryimage\",\"url\":\"https:\/\/osadabialkatatrzanska.pl\/wp-content\/uploads\/2024\/03\/cosmetologist-holding-cosmetic-cream-bottle-and-pu-2023-11-27-04-49-23-utc-scaled.jpg\",\"contentUrl\":\"https:\/\/osadabialkatatrzanska.pl\/wp-content\/uploads\/2024\/03\/cosmetologist-holding-cosmetic-cream-bottle-and-pu-2023-11-27-04-49-23-utc-scaled.jpg\",\"width\":1709,\"height\":2560,\"caption\":\"cosmetologist holding cosmetic cream bottle and puting it on woman cheek at beauty salon\"},{\"@type\":\"BreadcrumbList\",\"@id\":\"https:\/\/osadabialkatatrzanska.pl\/wellness\/#breadcrumb\",\"itemListElement\":[{\"@type\":\"ListItem\",\"position\":1,\"name\":\"Strona g\u0142\u00f3wna\",\"item\":\"https:\/\/osadabialkatatrzanska.pl\/\"},{\"@type\":\"ListItem\",\"position\":2,\"name\":\"Wellness\"}]},{\"@type\":\"WebSite\",\"@id\":\"https:\/\/osadabialkatatrzanska.pl\/#website\",\"url\":\"https:\/\/osadabialkatatrzanska.pl\/\",\"name\":\"Osada Bia\u0142ka Tatrza\u0144ska\",\"description\":\"Domki i Apartamenty w Bia\u0142ce Tatrza\u0144skiej\",\"publisher\":{\"@id\":\"https:\/\/osadabialkatatrzanska.pl\/#organization\"},\"potentialAction\":[{\"@type\":\"SearchAction\",\"target\":{\"@type\":\"EntryPoint\",\"urlTemplate\":\"https:\/\/osadabialkatatrzanska.pl\/?s={search_term_string}\"},\"query-input\":\"required name=search_term_string\"}],\"inLanguage\":\"de\"},{\"@type\":\"Organization\",\"@id\":\"https:\/\/osadabialkatatrzanska.pl\/#organization\",\"name\":\"Osada Bia\u0142ka Tatrza\u0144ska\",\"url\":\"https:\/\/osadabialkatatrzanska.pl\/\",\"logo\":{\"@type\":\"ImageObject\",\"inLanguage\":\"de\",\"@id\":\"https:\/\/osadabialkatatrzanska.pl\/#\/schema\/logo\/image\/\",\"url\":\"https:\/\/osadabialkatatrzanska.pl\/wp-content\/uploads\/2022\/10\/Logo-River-Sea.png\",\"contentUrl\":\"https:\/\/osadabialkatatrzanska.pl\/wp-content\/uploads\/2022\/10\/Logo-River-Sea.png\",\"width\":256,\"height\":154,\"caption\":\"Osada Bia\u0142ka Tatrza\u0144ska\"},\"image\":{\"@id\":\"https:\/\/osadabialkatatrzanska.pl\/#\/schema\/logo\/image\/\"},\"sameAs\":[\"https:\/\/www.facebook.com\/riverseaapartamenty\"]}]}<\/script>\n<!-- \/ Yoast SEO plugin. -->","yoast_head_json":{"title":"Osada Bia\u0142ka Tatrza\u0144ska - Domki i Apartamenty w Bia\u0142ce Tatrza\u0144skiej","robots":{"index":"noindex","follow":"follow","max-snippet":"max-snippet:-1","max-image-preview":"max-image-preview:large","max-video-preview":"max-video-preview:-1"},"og_locale":"de_DE","og_type":"article","og_title":"Osada Bia\u0142ka Tatrza\u0144ska - Domki i Apartamenty w Bia\u0142ce Tatrza\u0144skiej","og_url":"https:\/\/osadabialkatatrzanska.pl\/de\/wellness\/","og_site_name":"Osada Bia\u0142ka Tatrza\u0144ska","article_publisher":"https:\/\/www.facebook.com\/riverseaapartamenty","article_modified_time":"2024-03-19T13:43:26+00:00","og_image":[{"width":1709,"height":2560,"url":"https:\/\/osadabialkatatrzanska.pl\/wp-content\/uploads\/2024\/03\/cosmetologist-holding-cosmetic-cream-bottle-and-pu-2023-11-27-04-49-23-utc-scaled.jpg","type":"image\/jpeg"}],"twitter_card":"summary_large_image","twitter_misc":{"Gesch\u00e4tzte Lesezeit":"2\u00a0Minuten"},"schema":{"@context":"https:\/\/schema.org","@graph":[{"@type":"WebPage","@id":"https:\/\/osadabialkatatrzanska.pl\/wellness\/","url":"https:\/\/osadabialkatatrzanska.pl\/wellness\/","name":"Osada Bia\u0142ka Tatrza\u0144ska - Domki i Apartamenty w Bia\u0142ce Tatrza\u0144skiej","isPartOf":{"@id":"https:\/\/osadabialkatatrzanska.pl\/#website"},"primaryImageOfPage":{"@id":"https:\/\/osadabialkatatrzanska.pl\/wellness\/#primaryimage"},"image":{"@id":"https:\/\/osadabialkatatrzanska.pl\/wellness\/#primaryimage"},"thumbnailUrl":"https:\/\/osadabialkatatrzanska.pl\/wp-content\/uploads\/2024\/03\/cosmetologist-holding-cosmetic-cream-bottle-and-pu-2023-11-27-04-49-23-utc-scaled.jpg","datePublished":"2024-03-19T13:25:26+00:00","dateModified":"2024-03-19T13:43:26+00:00","breadcrumb":{"@id":"https:\/\/osadabialkatatrzanska.pl\/wellness\/#breadcrumb"},"inLanguage":"de","potentialAction":[{"@type":"ReadAction","target":["https:\/\/osadabialkatatrzanska.pl\/wellness\/"]}]},{"@type":"ImageObject","inLanguage":"de","@id":"https:\/\/osadabialkatatrzanska.pl\/wellness\/#primaryimage","url":"https:\/\/osadabialkatatrzanska.pl\/wp-content\/uploads\/2024\/03\/cosmetologist-holding-cosmetic-cream-bottle-and-pu-2023-11-27-04-49-23-utc-scaled.jpg","contentUrl":"https:\/\/osadabialkatatrzanska.pl\/wp-content\/uploads\/2024\/03\/cosmetologist-holding-cosmetic-cream-bottle-and-pu-2023-11-27-04-49-23-utc-scaled.jpg","width":1709,"height":2560,"caption":"cosmetologist holding cosmetic cream bottle and puting it on woman cheek at beauty salon"},{"@type":"BreadcrumbList","@id":"https:\/\/osadabialkatatrzanska.pl\/wellness\/#breadcrumb","itemListElement":[{"@type":"ListItem","position":1,"name":"Strona g\u0142\u00f3wna","item":"https:\/\/osadabialkatatrzanska.pl\/"},{"@type":"ListItem","position":2,"name":"Wellness"}]},{"@type":"WebSite","@id":"https:\/\/osadabialkatatrzanska.pl\/#website","url":"https:\/\/osadabialkatatrzanska.pl\/","name":"Osada Bia\u0142ka Tatrza\u0144ska","description":"Domki i Apartamenty w Bia\u0142ce Tatrza\u0144skiej","publisher":{"@id":"https:\/\/osadabialkatatrzanska.pl\/#organization"},"potentialAction":[{"@type":"SearchAction","target":{"@type":"EntryPoint","urlTemplate":"https:\/\/osadabialkatatrzanska.pl\/?s={search_term_string}"},"query-input":"required name=search_term_string"}],"inLanguage":"de"},{"@type":"Organization","@id":"https:\/\/osadabialkatatrzanska.pl\/#organization","name":"Osada Bia\u0142ka Tatrza\u0144ska","url":"https:\/\/osadabialkatatrzanska.pl\/","logo":{"@type":"ImageObject","inLanguage":"de","@id":"https:\/\/osadabialkatatrzanska.pl\/#\/schema\/logo\/image\/","url":"https:\/\/osadabialkatatrzanska.pl\/wp-content\/uploads\/2022\/10\/Logo-River-Sea.png","contentUrl":"https:\/\/osadabialkatatrzanska.pl\/wp-content\/uploads\/2022\/10\/Logo-River-Sea.png","width":256,"height":154,"caption":"Osada Bia\u0142ka Tatrza\u0144ska"},"image":{"@id":"https:\/\/osadabialkatatrzanska.pl\/#\/schema\/logo\/image\/"},"sameAs":["https:\/\/www.facebook.com\/riverseaapartamenty"]}]}},"_links":{"self":[{"href":"https:\/\/osadabialkatatrzanska.pl\/de\/wp-json\/wp\/v2\/pages\/1280","targetHints":{"allow":["GET"]}}],"collection":[{"href":"https:\/\/osadabialkatatrzanska.pl\/de\/wp-json\/wp\/v2\/pages"}],"about":[{"href":"https:\/\/osadabialkatatrzanska.pl\/de\/wp-json\/wp\/v2\/types\/page"}],"author":[{"embeddable":true,"href":"https:\/\/osadabialkatatrzanska.pl\/de\/wp-json\/wp\/v2\/users\/3"}],"replies":[{"embeddable":true,"href":"https:\/\/osadabialkatatrzanska.pl\/de\/wp-json\/wp\/v2\/comments?post=1280"}],"version-history":[{"count":1,"href":"https:\/\/osadabialkatatrzanska.pl\/de\/wp-json\/wp\/v2\/pages\/1280\/revisions"}],"predecessor-version":[{"id":1281,"href":"https:\/\/osadabialkatatrzanska.pl\/de\/wp-json\/wp\/v2\/pages\/1280\/revisions\/1281"}],"wp:featuredmedia":[{"embeddable":true,"href":"https:\/\/osadabialkatatrzanska.pl\/de\/wp-json\/wp\/v2\/media\/1262"}],"wp:attachment":[{"href":"https:\/\/osadabialkatatrzanska.pl\/de\/wp-json\/wp\/v2\/media?parent=1280"}],"curies":[{"name":"wp","href":"https:\/\/api.w.org\/{rel}","templated":true}]}}