{"id":1347,"date":"2026-01-16T09:27:25","date_gmt":"2026-01-16T08:27:25","guid":{"rendered":"https:\/\/osadabialkatatrzanska.pl\/?page_id=1347"},"modified":"2026-01-19T14:03:12","modified_gmt":"2026-01-19T13:03:12","slug":"domek-hawran","status":"publish","type":"page","link":"https:\/\/osadabialkatatrzanska.pl\/de\/domek-hawran\/","title":{"rendered":"Domek Hawra\u0144"},"content":{"rendered":"","protected":false},"excerpt":{"rendered":"","protected":false},"author":8,"featured_media":1411,"parent":0,"menu_order":0,"comment_status":"closed","ping_status":"closed","template":"","meta":{"_acf_changed":false,"footnotes":""},"class_list":["post-1347","page","type-page","status-publish","has-post-thumbnail","hentry"],"acf":[],"yoast_head":"<!-- This site is optimized with the Yoast SEO plugin v22.3 - https:\/\/yoast.com\/wordpress\/plugins\/seo\/ -->\n<title>Osada Bia\u0142ka Tatrza\u0144ska - Domki i Apartamenty w Bia\u0142ce Tatrza\u0144skiej<\/title>\n<meta name=\"robots\" content=\"noindex, follow, max-snippet:-1, max-image-preview:large, max-video-preview:-1\" \/>\n<meta property=\"og:locale\" content=\"de_DE\" \/>\n<meta property=\"og:type\" content=\"article\" \/>\n<meta property=\"og:title\" content=\"Osada Bia\u0142ka Tatrza\u0144ska - Domki i Apartamenty w Bia\u0142ce Tatrza\u0144skiej\" \/>\n<meta property=\"og:url\" content=\"https:\/\/osadabialkatatrzanska.pl\/de\/domek-hawran\/\" \/>\n<meta property=\"og:site_name\" content=\"Osada Bia\u0142ka Tatrza\u0144ska\" \/>\n<meta property=\"article:publisher\" content=\"https:\/\/www.facebook.com\/riverseaapartamenty\" \/>\n<meta property=\"article:modified_time\" content=\"2026-01-19T13:03:12+00:00\" \/>\n<meta property=\"og:image\" content=\"https:\/\/osadabialkatatrzanska.pl\/wp-content\/uploads\/2026\/01\/DSCF3101_2_8-1.jpg\" \/>\n\t<meta property=\"og:image:width\" content=\"1920\" \/>\n\t<meta property=\"og:image:height\" content=\"1280\" \/>\n\t<meta property=\"og:image:type\" content=\"image\/jpeg\" \/>\n<meta name=\"twitter:card\" content=\"summary_large_image\" \/>\n<meta name=\"twitter:label1\" content=\"Gesch\u00e4tzte Lesezeit\" \/>\n\t<meta name=\"twitter:data1\" content=\"5\u00a0Minuten\" \/>\n<script type=\"application\/ld+json\" class=\"yoast-schema-graph\">{\"@context\":\"https:\/\/schema.org\",\"@graph\":[{\"@type\":\"WebPage\",\"@id\":\"https:\/\/osadabialkatatrzanska.pl\/domek-hawran\/\",\"url\":\"https:\/\/osadabialkatatrzanska.pl\/domek-hawran\/\",\"name\":\"Osada Bia\u0142ka Tatrza\u0144ska - Domki i Apartamenty w Bia\u0142ce Tatrza\u0144skiej\",\"isPartOf\":{\"@id\":\"https:\/\/osadabialkatatrzanska.pl\/#website\"},\"primaryImageOfPage\":{\"@id\":\"https:\/\/osadabialkatatrzanska.pl\/domek-hawran\/#primaryimage\"},\"image\":{\"@id\":\"https:\/\/osadabialkatatrzanska.pl\/domek-hawran\/#primaryimage\"},\"thumbnailUrl\":\"https:\/\/osadabialkatatrzanska.pl\/wp-content\/uploads\/2026\/01\/DSCF3101_2_8-1.jpg\",\"datePublished\":\"2026-01-16T08:27:25+00:00\",\"dateModified\":\"2026-01-19T13:03:12+00:00\",\"breadcrumb\":{\"@id\":\"https:\/\/osadabialkatatrzanska.pl\/domek-hawran\/#breadcrumb\"},\"inLanguage\":\"de\",\"potentialAction\":[{\"@type\":\"ReadAction\",\"target\":[\"https:\/\/osadabialkatatrzanska.pl\/domek-hawran\/\"]}]},{\"@type\":\"ImageObject\",\"inLanguage\":\"de\",\"@id\":\"https:\/\/osadabialkatatrzanska.pl\/domek-hawran\/#primaryimage\",\"url\":\"https:\/\/osadabialkatatrzanska.pl\/wp-content\/uploads\/2026\/01\/DSCF3101_2_8-1.jpg\",\"contentUrl\":\"https:\/\/osadabialkatatrzanska.pl\/wp-content\/uploads\/2026\/01\/DSCF3101_2_8-1.jpg\",\"width\":1920,\"height\":1280},{\"@type\":\"BreadcrumbList\",\"@id\":\"https:\/\/osadabialkatatrzanska.pl\/domek-hawran\/#breadcrumb\",\"itemListElement\":[{\"@type\":\"ListItem\",\"position\":1,\"name\":\"Strona g\u0142\u00f3wna\",\"item\":\"https:\/\/osadabialkatatrzanska.pl\/\"},{\"@type\":\"ListItem\",\"position\":2,\"name\":\"Domek Hawra\u0144\"}]},{\"@type\":\"WebSite\",\"@id\":\"https:\/\/osadabialkatatrzanska.pl\/#website\",\"url\":\"https:\/\/osadabialkatatrzanska.pl\/\",\"name\":\"Osada Bia\u0142ka Tatrza\u0144ska\",\"description\":\"Domki i Apartamenty w Bia\u0142ce Tatrza\u0144skiej\",\"publisher\":{\"@id\":\"https:\/\/osadabialkatatrzanska.pl\/#organization\"},\"potentialAction\":[{\"@type\":\"SearchAction\",\"target\":{\"@type\":\"EntryPoint\",\"urlTemplate\":\"https:\/\/osadabialkatatrzanska.pl\/?s={search_term_string}\"},\"query-input\":\"required name=search_term_string\"}],\"inLanguage\":\"de\"},{\"@type\":\"Organization\",\"@id\":\"https:\/\/osadabialkatatrzanska.pl\/#organization\",\"name\":\"Osada Bia\u0142ka Tatrza\u0144ska\",\"url\":\"https:\/\/osadabialkatatrzanska.pl\/\",\"logo\":{\"@type\":\"ImageObject\",\"inLanguage\":\"de\",\"@id\":\"https:\/\/osadabialkatatrzanska.pl\/#\/schema\/logo\/image\/\",\"url\":\"https:\/\/osadabialkatatrzanska.pl\/wp-content\/uploads\/2022\/10\/Logo-River-Sea.png\",\"contentUrl\":\"https:\/\/osadabialkatatrzanska.pl\/wp-content\/uploads\/2022\/10\/Logo-River-Sea.png\",\"width\":256,\"height\":154,\"caption\":\"Osada Bia\u0142ka Tatrza\u0144ska\"},\"image\":{\"@id\":\"https:\/\/osadabialkatatrzanska.pl\/#\/schema\/logo\/image\/\"},\"sameAs\":[\"https:\/\/www.facebook.com\/riverseaapartamenty\"]}]}<\/script>\n<!-- \/ Yoast SEO plugin. -->","yoast_head_json":{"title":"Osada Bia\u0142ka Tatrza\u0144ska - Domki i Apartamenty w Bia\u0142ce Tatrza\u0144skiej","robots":{"index":"noindex","follow":"follow","max-snippet":"max-snippet:-1","max-image-preview":"max-image-preview:large","max-video-preview":"max-video-preview:-1"},"og_locale":"de_DE","og_type":"article","og_title":"Osada Bia\u0142ka Tatrza\u0144ska - Domki i Apartamenty w Bia\u0142ce Tatrza\u0144skiej","og_url":"https:\/\/osadabialkatatrzanska.pl\/de\/domek-hawran\/","og_site_name":"Osada Bia\u0142ka Tatrza\u0144ska","article_publisher":"https:\/\/www.facebook.com\/riverseaapartamenty","article_modified_time":"2026-01-19T13:03:12+00:00","og_image":[{"width":1920,"height":1280,"url":"https:\/\/osadabialkatatrzanska.pl\/wp-content\/uploads\/2026\/01\/DSCF3101_2_8-1.jpg","type":"image\/jpeg"}],"twitter_card":"summary_large_image","twitter_misc":{"Gesch\u00e4tzte Lesezeit":"5\u00a0Minuten"},"schema":{"@context":"https:\/\/schema.org","@graph":[{"@type":"WebPage","@id":"https:\/\/osadabialkatatrzanska.pl\/domek-hawran\/","url":"https:\/\/osadabialkatatrzanska.pl\/domek-hawran\/","name":"Osada Bia\u0142ka Tatrza\u0144ska - Domki i Apartamenty w Bia\u0142ce Tatrza\u0144skiej","isPartOf":{"@id":"https:\/\/osadabialkatatrzanska.pl\/#website"},"primaryImageOfPage":{"@id":"https:\/\/osadabialkatatrzanska.pl\/domek-hawran\/#primaryimage"},"image":{"@id":"https:\/\/osadabialkatatrzanska.pl\/domek-hawran\/#primaryimage"},"thumbnailUrl":"https:\/\/osadabialkatatrzanska.pl\/wp-content\/uploads\/2026\/01\/DSCF3101_2_8-1.jpg","datePublished":"2026-01-16T08:27:25+00:00","dateModified":"2026-01-19T13:03:12+00:00","breadcrumb":{"@id":"https:\/\/osadabialkatatrzanska.pl\/domek-hawran\/#breadcrumb"},"inLanguage":"de","potentialAction":[{"@type":"ReadAction","target":["https:\/\/osadabialkatatrzanska.pl\/domek-hawran\/"]}]},{"@type":"ImageObject","inLanguage":"de","@id":"https:\/\/osadabialkatatrzanska.pl\/domek-hawran\/#primaryimage","url":"https:\/\/osadabialkatatrzanska.pl\/wp-content\/uploads\/2026\/01\/DSCF3101_2_8-1.jpg","contentUrl":"https:\/\/osadabialkatatrzanska.pl\/wp-content\/uploads\/2026\/01\/DSCF3101_2_8-1.jpg","width":1920,"height":1280},{"@type":"BreadcrumbList","@id":"https:\/\/osadabialkatatrzanska.pl\/domek-hawran\/#breadcrumb","itemListElement":[{"@type":"ListItem","position":1,"name":"Strona g\u0142\u00f3wna","item":"https:\/\/osadabialkatatrzanska.pl\/"},{"@type":"ListItem","position":2,"name":"Domek Hawra\u0144"}]},{"@type":"WebSite","@id":"https:\/\/osadabialkatatrzanska.pl\/#website","url":"https:\/\/osadabialkatatrzanska.pl\/","name":"Osada Bia\u0142ka Tatrza\u0144ska","description":"Domki i Apartamenty w Bia\u0142ce Tatrza\u0144skiej","publisher":{"@id":"https:\/\/osadabialkatatrzanska.pl\/#organization"},"potentialAction":[{"@type":"SearchAction","target":{"@type":"EntryPoint","urlTemplate":"https:\/\/osadabialkatatrzanska.pl\/?s={search_term_string}"},"query-input":"required name=search_term_string"}],"inLanguage":"de"},{"@type":"Organization","@id":"https:\/\/osadabialkatatrzanska.pl\/#organization","name":"Osada Bia\u0142ka Tatrza\u0144ska","url":"https:\/\/osadabialkatatrzanska.pl\/","logo":{"@type":"ImageObject","inLanguage":"de","@id":"https:\/\/osadabialkatatrzanska.pl\/#\/schema\/logo\/image\/","url":"https:\/\/osadabialkatatrzanska.pl\/wp-content\/uploads\/2022\/10\/Logo-River-Sea.png","contentUrl":"https:\/\/osadabialkatatrzanska.pl\/wp-content\/uploads\/2022\/10\/Logo-River-Sea.png","width":256,"height":154,"caption":"Osada Bia\u0142ka Tatrza\u0144ska"},"image":{"@id":"https:\/\/osadabialkatatrzanska.pl\/#\/schema\/logo\/image\/"},"sameAs":["https:\/\/www.facebook.com\/riverseaapartamenty"]}]}},"_links":{"self":[{"href":"https:\/\/osadabialkatatrzanska.pl\/de\/wp-json\/wp\/v2\/pages\/1347","targetHints":{"allow":["GET"]}}],"collection":[{"href":"https:\/\/osadabialkatatrzanska.pl\/de\/wp-json\/wp\/v2\/pages"}],"about":[{"href":"https:\/\/osadabialkatatrzanska.pl\/de\/wp-json\/wp\/v2\/types\/page"}],"author":[{"embeddable":true,"href":"https:\/\/osadabialkatatrzanska.pl\/de\/wp-json\/wp\/v2\/users\/8"}],"replies":[{"embeddable":true,"href":"https:\/\/osadabialkatatrzanska.pl\/de\/wp-json\/wp\/v2\/comments?post=1347"}],"version-history":[{"count":1,"href":"https:\/\/osadabialkatatrzanska.pl\/de\/wp-json\/wp\/v2\/pages\/1347\/revisions"}],"predecessor-version":[{"id":1348,"href":"https:\/\/osadabialkatatrzanska.pl\/de\/wp-json\/wp\/v2\/pages\/1347\/revisions\/1348"}],"wp:featuredmedia":[{"embeddable":true,"href":"https:\/\/osadabialkatatrzanska.pl\/de\/wp-json\/wp\/v2\/media\/1411"}],"wp:attachment":[{"href":"https:\/\/osadabialkatatrzanska.pl\/de\/wp-json\/wp\/v2\/media?parent=1347"}],"curies":[{"name":"wp","href":"https:\/\/api.w.org\/{rel}","templated":true}]}}